{"id":1171,"date":"2019-12-30T19:16:29","date_gmt":"2019-12-30T18:16:29","guid":{"rendered":"http:\/\/localhost\/WP\/?page_id=997"},"modified":"2020-12-23T00:47:14","modified_gmt":"2020-12-22T23:47:14","slug":"intention-podcast","status":"publish","type":"page","link":"https:\/\/orianesavourelucas.com\/avezvouschoisi\/intention-podcast\/","title":{"rendered":"Podcast \u00ab\u00a0Avez-Vous Choisi ?\u00a0\u00bb : l&rsquo;intention"},"content":{"rendered":"\n<div class=\"wp-block-group\"><div class=\"wp-block-group__inner-container is-layout-flow wp-block-group-is-layout-flow\">\n<div class=\"wp-block-image is-style-default\"><figure class=\"aligncenter size-large is-resized\"><img loading=\"lazy\" decoding=\"async\" src=\"https:\/\/orianesavourelucas.com\/avezvouschoisi\/wp-content\/uploads\/2020\/12\/7B5A3742-1024x683.jpg\" alt=\"Photo Oriane Savour\u00e9-Lucas\" class=\"wp-image-2346\" width=\"512\" height=\"342\" srcset=\"https:\/\/orianesavourelucas.com\/avezvouschoisi\/wp-content\/uploads\/2020\/12\/7B5A3742-1024x683.jpg 1024w, https:\/\/orianesavourelucas.com\/avezvouschoisi\/wp-content\/uploads\/2020\/12\/7B5A3742-300x200.jpg 300w, https:\/\/orianesavourelucas.com\/avezvouschoisi\/wp-content\/uploads\/2020\/12\/7B5A3742-768x512.jpg 768w, https:\/\/orianesavourelucas.com\/avezvouschoisi\/wp-content\/uploads\/2020\/12\/7B5A3742.jpg 1200w\" sizes=\"auto, (max-width: 512px) 100vw, 512px\" \/><\/figure><\/div>\n<\/div><\/div>\n\n\n\n<p>A la fameuse question&nbsp;<strong><em>Avez-Vous Choisi ?&nbsp;<\/em><\/strong>qu\u2019on nous pose tr\u00e8s r\u00e9guli\u00e8rement, et qui concerne aussi bien les petits que les grands choix, on ne sait pas toujours quoi r\u00e9pondre car, face \u00e0 la quantit\u00e9 de choix qui envahissent nos vies et \u00e0 un nombre grandissant d\u2019options possibles,&nbsp;<strong>ce qui sonnait au d\u00e9part comme une sympathique invitation peut vite prendre des allures d\u2019injonction pressante, angoissante et crispante&nbsp;!<\/strong><\/p>\n\n\n\n<ul class=\"wp-block-list\"><li>Si vous r\u00e9p\u00e9tez souvent que&nbsp;<strong>vous ne savez pas choisir<\/strong>&nbsp;;<\/li><li>si la simple id\u00e9e de&nbsp;<strong>choisir vous paralyse et vous fait paniquer<\/strong>&nbsp;;<\/li><li>si la&nbsp;<strong>surabondance de choix<\/strong>&nbsp;et d\u2019options possibles vous donne le&nbsp;<strong>vertige<\/strong>&nbsp;et vous place face \u00e0 l\u2019<strong>angoisse de la page blanche<\/strong>&nbsp;;<\/li><li>si vous n\u2019\u00eates<strong>&nbsp;jamais vraiment satisfait.e de vos choix<\/strong>, voire que vous les regrettez, toujours persuad\u00e9.e qu\u2019il y avait s\u00fbrement<strong>&nbsp;un meilleur choix<\/strong>&nbsp;\u00e0 faire&nbsp;;<\/li><li>si vous avez l\u2019impression de&nbsp;<strong>subir votre vie<\/strong>&nbsp;et que vous voulez en reprendre les r\u00eanes&nbsp;;<\/li><li>si vous voulez vous recentrer et<strong>&nbsp;faire des choix<\/strong>&nbsp;mais que vous ne savez pas par o\u00f9 commencer&nbsp;;<\/li><li>si vous avez un peu perdu de vue&nbsp;<strong>ce que vous voulez vraiment dans la vie<\/strong>&nbsp;;<\/li><li>si vous ressentez le<strong>&nbsp;besoin de revisiter vos choix<\/strong>&nbsp;pour les r\u00e9affirmer, \u00e9ventuellement les ajuster ou encore faire de nouveaux choix&nbsp;;<\/li><li>ou si, tout simplement, la question du choix suscite votre&nbsp;<strong>curiosit\u00e9<\/strong>&nbsp;;<\/li><\/ul>\n\n\n\n<p>\u2026 alors mon petit doigt me dit que ce podcast va vous plaire !<\/p>\n\n\n\n<p><a href=\"https:\/\/orianesavourelucas.com\/avezvouschoisi\/podcast\/\" class=\"rank-math-link\">Bonne \u00e9coute\u00a0!<\/a><\/p>\n","protected":false},"excerpt":{"rendered":"<p>A la fameuse question&nbsp;Avez-Vous Choisi ?&nbsp;qu\u2019on nous pose tr\u00e8s r\u00e9guli\u00e8rement, et qui concerne aussi bien les petits que les grands choix, on ne sait pas toujours quoi r\u00e9pondre car, face \u00e0 la quantit\u00e9 de choix qui envahissent nos vies et \u00e0 un nombre grandissant d\u2019options possibles,&nbsp;ce qui sonnait au d\u00e9part comme une sympathique invitation peut [&hellip;]<\/p>\n","protected":false},"author":3,"featured_media":0,"parent":0,"menu_order":13,"comment_status":"closed","ping_status":"closed","template":"","meta":{"footnotes":""},"folder":[13],"class_list":["post-1171","page","type-page","status-publish","hentry"],"_links":{"self":[{"href":"https:\/\/orianesavourelucas.com\/avezvouschoisi\/wp-json\/wp\/v2\/pages\/1171","targetHints":{"allow":["GET"]}}],"collection":[{"href":"https:\/\/orianesavourelucas.com\/avezvouschoisi\/wp-json\/wp\/v2\/pages"}],"about":[{"href":"https:\/\/orianesavourelucas.com\/avezvouschoisi\/wp-json\/wp\/v2\/types\/page"}],"author":[{"embeddable":true,"href":"https:\/\/orianesavourelucas.com\/avezvouschoisi\/wp-json\/wp\/v2\/users\/3"}],"replies":[{"embeddable":true,"href":"https:\/\/orianesavourelucas.com\/avezvouschoisi\/wp-json\/wp\/v2\/comments?post=1171"}],"version-history":[{"count":13,"href":"https:\/\/orianesavourelucas.com\/avezvouschoisi\/wp-json\/wp\/v2\/pages\/1171\/revisions"}],"predecessor-version":[{"id":2501,"href":"https:\/\/orianesavourelucas.com\/avezvouschoisi\/wp-json\/wp\/v2\/pages\/1171\/revisions\/2501"}],"wp:attachment":[{"href":"https:\/\/orianesavourelucas.com\/avezvouschoisi\/wp-json\/wp\/v2\/media?parent=1171"}],"wp:term":[{"taxonomy":"folder","embeddable":true,"href":"https:\/\/orianesavourelucas.com\/avezvouschoisi\/wp-json\/wp\/v2\/folder?post=1171"}],"curies":[{"name":"wp","href":"https:\/\/api.w.org\/{rel}","templated":true}]}}