{"id":1173,"date":"2019-12-30T19:37:27","date_gmt":"2019-12-30T18:37:27","guid":{"rendered":"http:\/\/localhost\/WP\/?page_id=1004"},"modified":"2020-12-23T00:49:19","modified_gmt":"2020-12-22T23:49:19","slug":"contact-coaching","status":"publish","type":"page","link":"https:\/\/orianesavourelucas.com\/avezvouschoisi\/contact-coaching\/","title":{"rendered":"Formulaire de contact"},"content":{"rendered":"\n<p><strong>Si vous \u00eates int\u00e9ress\u00e9.e par ma d\u00e9marche d\u2019accompagnement, je vous invite \u00e0 compl\u00e9ter le questionnaire ci-dessous.<\/strong> <\/p>\n\n\n\n<div class=\"wp-block-image is-style-circle-mask\"><figure class=\"aligncenter size-large is-resized\"><img loading=\"lazy\" decoding=\"async\" src=\"http:\/\/orianesavourelucas.com\/avezvouschoisi\/wp-content\/uploads\/2020\/01\/webinaire2-1024x768.jpg\" alt=\"Bureau et carnet\" class=\"wp-image-1190\" width=\"256\" height=\"192\" srcset=\"https:\/\/orianesavourelucas.com\/avezvouschoisi\/wp-content\/uploads\/2020\/01\/webinaire2-1024x768.jpg 1024w, https:\/\/orianesavourelucas.com\/avezvouschoisi\/wp-content\/uploads\/2020\/01\/webinaire2-300x225.jpg 300w, https:\/\/orianesavourelucas.com\/avezvouschoisi\/wp-content\/uploads\/2020\/01\/webinaire2-768x576.jpg 768w, https:\/\/orianesavourelucas.com\/avezvouschoisi\/wp-content\/uploads\/2020\/01\/webinaire2.jpg 1080w\" sizes=\"auto, (max-width: 256px) 100vw, 256px\" \/><\/figure><\/div>\n\n\n\n\n<div class=\"wpcf7 no-js\" id=\"wpcf7-f1168-o1\" lang=\"fr-FR\" dir=\"ltr\" data-wpcf7-id=\"1168\">\n<div class=\"screen-reader-response\"><p role=\"status\" aria-live=\"polite\" aria-atomic=\"true\"><\/p> <ul><\/ul><\/div>\n<form action=\"\/avezvouschoisi\/wp-json\/wp\/v2\/pages\/1173#wpcf7-f1168-o1\" method=\"post\" class=\"wpcf7-form init\" aria-label=\"Formulaire de contact\" novalidate=\"novalidate\" data-status=\"init\">\n<fieldset class=\"hidden-fields-container\"><input type=\"hidden\" name=\"_wpcf7\" value=\"1168\" \/><input type=\"hidden\" name=\"_wpcf7_version\" value=\"6.1.4\" \/><input type=\"hidden\" name=\"_wpcf7_locale\" value=\"fr_FR\" \/><input type=\"hidden\" name=\"_wpcf7_unit_tag\" value=\"wpcf7-f1168-o1\" \/><input type=\"hidden\" name=\"_wpcf7_container_post\" value=\"0\" \/><input type=\"hidden\" name=\"_wpcf7_posted_data_hash\" value=\"\" \/><input type=\"hidden\" name=\"_wpcf7_recaptcha_response\" value=\"\" \/>\n<\/fieldset>\n<p><label> Votre pr\u00e9nom (obligatoire)<br \/>\n<span class=\"wpcf7-form-control-wrap\" data-name=\"prenom\"><input size=\"40\" maxlength=\"400\" class=\"wpcf7-form-control wpcf7-text wpcf7-validates-as-required\" aria-required=\"true\" aria-invalid=\"false\" value=\"\" type=\"text\" name=\"prenom\" \/><\/span> <\/label>\n<\/p>\n<p><label> Votre nom (obligatoire)<br \/>\n<span class=\"wpcf7-form-control-wrap\" data-name=\"nom\"><input size=\"40\" maxlength=\"400\" class=\"wpcf7-form-control wpcf7-text wpcf7-validates-as-required\" aria-required=\"true\" aria-invalid=\"false\" value=\"\" type=\"text\" name=\"nom\" \/><\/span> <\/label>\n<\/p>\n<p><label> Votre adresse de messagerie (obligatoire)<br \/>\n<span class=\"wpcf7-form-control-wrap\" data-name=\"email\"><input size=\"40\" maxlength=\"400\" class=\"wpcf7-form-control wpcf7-email wpcf7-validates-as-required wpcf7-text wpcf7-validates-as-email\" aria-required=\"true\" aria-invalid=\"false\" value=\"\" type=\"email\" name=\"email\" \/><\/span> <\/label>\n<\/p>\n<p><label> Votre num\u00e9ro de t\u00e9l\u00e9phone<br \/>\n<span class=\"wpcf7-form-control-wrap\" data-name=\"tel-453\"><input size=\"40\" maxlength=\"400\" class=\"wpcf7-form-control wpcf7-tel wpcf7-text wpcf7-validates-as-tel\" aria-invalid=\"false\" value=\"\" type=\"tel\" name=\"tel-453\" \/><\/span> <\/label>\n<\/p>\n<p><label> Quelle est votre situation professionnelle actuelle ? (obligatoire)<br \/>\n<span class=\"wpcf7-form-control-wrap\" data-name=\"profession\"><input size=\"40\" maxlength=\"400\" class=\"wpcf7-form-control wpcf7-text wpcf7-validates-as-required\" aria-required=\"true\" aria-invalid=\"false\" value=\"\" type=\"text\" name=\"profession\" \/><\/span> <\/label>\n<\/p>\n<p><label> Quelle est votre situation familiale ? (obligatoire)<br \/>\n<span class=\"wpcf7-form-control-wrap\" data-name=\"situation\"><input size=\"40\" maxlength=\"400\" class=\"wpcf7-form-control wpcf7-text wpcf7-validates-as-required\" aria-required=\"true\" aria-invalid=\"false\" value=\"\" type=\"text\" name=\"situation\" \/><\/span> <\/label>\n<\/p>\n<p><label> Ce programme s'adresse sp\u00e9cifiquement aux personnes engag\u00e9es, qui r\u00e9alisent qu'elles prennent tellement soin des besoins, des attentes et des projets des autres qu'elles en ont oubli\u00e9 qui elles sont et ce qu'elles veulent vraiment. Ces personnes r\u00e9ussissent bien dans la vie et ont surtout envie, d\u00e9sormais, de r\u00e9ussir leur vie, en se cr\u00e9ant une vie sur mesure. Ces personnes, en situation de transition dans leur vie personnelle et \/ ou professionnelle, ont des envies de changement et de sens, sans savoir vraiment quel chemin emprunter.<\/label>\n<\/p>\n<p><label> Est-ce que cela correspond \u00e0 votre situation ? (obligatoire) <\/label><br \/>\n<span class=\"wpcf7-form-control-wrap\" data-name=\"validation_situation\"><span class=\"wpcf7-form-control wpcf7-checkbox wpcf7-validates-as-required wpcf7-exclusive-checkbox\"><span class=\"wpcf7-list-item first\"><label><span class=\"wpcf7-list-item-label\">oui<\/span><input type=\"checkbox\" name=\"validation_situation\" value=\"oui\" \/><\/label><\/span><span class=\"wpcf7-list-item last\"><label><span class=\"wpcf7-list-item-label\">non<\/span><input type=\"checkbox\" name=\"validation_situation\" value=\"non\" \/><\/label><\/span><\/span><\/span>\n<\/p>\n<p><label> Quels sont les principaux d\u00e9fis auxquels vous \u00eates confront\u00e9.e actuellement dans votre vie personnelle et \/ ou professionnelle ?<br \/>\n<span class=\"wpcf7-form-control-wrap\" data-name=\"defis\"><textarea cols=\"40\" rows=\"10\" maxlength=\"2000\" class=\"wpcf7-form-control wpcf7-textarea\" aria-invalid=\"false\" name=\"defis\"><\/textarea><\/span> <\/label>\n<\/p>\n<p><label> Qu'est-ce qui, d'apr\u00e8s vous, vous a emp\u00each\u00e9.e d'atteindre votre objectif jusqu'\u00e0 pr\u00e9sent?<br \/>\n<span class=\"wpcf7-form-control-wrap\" data-name=\"freins\"><textarea cols=\"40\" rows=\"10\" maxlength=\"2000\" class=\"wpcf7-form-control wpcf7-textarea\" aria-invalid=\"false\" name=\"freins\"><\/textarea><\/span> <\/label>\n<\/p>\n<p><label> Quel est le principal objectif que vous voulez atteindre d'ici un an ?<br \/>\n<span class=\"wpcf7-form-control-wrap\" data-name=\"objectif\"><textarea cols=\"40\" rows=\"10\" maxlength=\"2000\" class=\"wpcf7-form-control wpcf7-textarea\" aria-invalid=\"false\" name=\"objectif\"><\/textarea><\/span> <\/label>\n<\/p>\n<p><label> \u00cates-vous pr\u00eat\u00b7e \u00e0 investir de vos ressources (\u00e9nergie, temps, argent) dans un accompagnement ? <\/label><br \/>\n<span class=\"wpcf7-form-control-wrap\" data-name=\"investissement\"><span class=\"wpcf7-form-control wpcf7-checkbox wpcf7-validates-as-required wpcf7-exclusive-checkbox\"><span class=\"wpcf7-list-item first\"><label><span class=\"wpcf7-list-item-label\">oui<\/span><input type=\"checkbox\" name=\"investissement\" value=\"oui\" \/><\/label><\/span><span class=\"wpcf7-list-item last\"><label><span class=\"wpcf7-list-item-label\">non<\/span><input type=\"checkbox\" name=\"investissement\" value=\"non\" \/><\/label><\/span><\/span><\/span>\n<\/p>\n<p><label> En quoi, selon vous, puis-je vous accompagner ?<br \/>\n<span class=\"wpcf7-form-control-wrap\" data-name=\"accompagnement\"><textarea cols=\"40\" rows=\"10\" maxlength=\"2000\" class=\"wpcf7-form-control wpcf7-textarea\" aria-invalid=\"false\" name=\"accompagnement\"><\/textarea><\/span> <\/label>\n<\/p>\n<p><label> Pour finir, je vous invite \u00e0 me pr\u00e9ciser ci-dessous toute information compl\u00e9mentaire qu'il vous para\u00eet important de me partager :<br \/>\n<span class=\"wpcf7-form-control-wrap\" data-name=\"information\"><textarea cols=\"40\" rows=\"10\" maxlength=\"2000\" class=\"wpcf7-form-control wpcf7-textarea\" aria-invalid=\"false\" name=\"information\"><\/textarea><\/span> <\/label>\n<\/p>\n<p>Merci de votre temps et de votre confiance ! Je vous contacterai prochainement pour vous informer de la suite donn\u00e9e \u00e0 votre demande.\n<\/p>\n<p><input class=\"wpcf7-form-control wpcf7-submit has-spinner\" type=\"submit\" value=\"Envoyer\" \/>\n<\/p><p style=\"display: none !important;\" class=\"akismet-fields-container\" data-prefix=\"_wpcf7_ak_\"><label>&#916;<textarea name=\"_wpcf7_ak_hp_textarea\" cols=\"45\" rows=\"8\" maxlength=\"100\"><\/textarea><\/label><input type=\"hidden\" id=\"ak_js_1\" name=\"_wpcf7_ak_js\" value=\"176\"\/><script>document.getElementById( \"ak_js_1\" ).setAttribute( \"value\", ( new Date() ).getTime() );<\/script><\/p><div class=\"wpcf7-response-output\" aria-hidden=\"true\"><\/div>\n<\/form>\n<\/div>\n\n","protected":false},"excerpt":{"rendered":"<p>Si vous \u00eates int\u00e9ress\u00e9.e par ma d\u00e9marche d\u2019accompagnement, je vous invite \u00e0 compl\u00e9ter le questionnaire ci-dessous.<\/p>\n","protected":false},"author":2,"featured_media":0,"parent":0,"menu_order":15,"comment_status":"closed","ping_status":"closed","template":"","meta":{"footnotes":""},"folder":[8],"class_list":["post-1173","page","type-page","status-publish","hentry"],"_links":{"self":[{"href":"https:\/\/orianesavourelucas.com\/avezvouschoisi\/wp-json\/wp\/v2\/pages\/1173","targetHints":{"allow":["GET"]}}],"collection":[{"href":"https:\/\/orianesavourelucas.com\/avezvouschoisi\/wp-json\/wp\/v2\/pages"}],"about":[{"href":"https:\/\/orianesavourelucas.com\/avezvouschoisi\/wp-json\/wp\/v2\/types\/page"}],"author":[{"embeddable":true,"href":"https:\/\/orianesavourelucas.com\/avezvouschoisi\/wp-json\/wp\/v2\/users\/2"}],"replies":[{"embeddable":true,"href":"https:\/\/orianesavourelucas.com\/avezvouschoisi\/wp-json\/wp\/v2\/comments?post=1173"}],"version-history":[{"count":1,"href":"https:\/\/orianesavourelucas.com\/avezvouschoisi\/wp-json\/wp\/v2\/pages\/1173\/revisions"}],"predecessor-version":[{"id":1192,"href":"https:\/\/orianesavourelucas.com\/avezvouschoisi\/wp-json\/wp\/v2\/pages\/1173\/revisions\/1192"}],"wp:attachment":[{"href":"https:\/\/orianesavourelucas.com\/avezvouschoisi\/wp-json\/wp\/v2\/media?parent=1173"}],"wp:term":[{"taxonomy":"folder","embeddable":true,"href":"https:\/\/orianesavourelucas.com\/avezvouschoisi\/wp-json\/wp\/v2\/folder?post=1173"}],"curies":[{"name":"wp","href":"https:\/\/api.w.org\/{rel}","templated":true}]}}