{"id":2,"date":"2018-09-23T22:47:29","date_gmt":"2018-09-23T20:47:29","guid":{"rendered":"http:\/\/avezvouschoisi.com\/?page_id=2"},"modified":"2020-12-23T00:48:08","modified_gmt":"2020-12-22T23:48:08","slug":"confidentialite","status":"publish","type":"page","link":"https:\/\/orianesavourelucas.com\/avezvouschoisi\/confidentialite\/","title":{"rendered":"Politique de confidentialit\u00e9"},"content":{"rendered":"<p>Vous naviguez sur le site <strong><em>Avez-vous Choisi ?<\/em><\/strong><\/p>\n<p>L\u2019adresse de notre site Web est&nbsp;: http:\/\/orianesavourelucas.com\/avezvouschoisi<\/p>\n<p>&nbsp;<\/p>\n<h2>Utilisation des donn\u00e9es personnelles collect\u00e9es<\/h2>\n<h3>Commentaires<\/h3>\n<p>Quand vous laissez un commentaire sur notre site web, les donn\u00e9es inscrites dans le formulaire de commentaire, mais aussi votre adresse IP et l\u2019agent utilisateur de votre navigateur sont collect\u00e9s pour nous aider \u00e0 la d\u00e9tection des commentaires ind\u00e9sirables.<\/p>\n<p>Ce site utilise Akismet pour r\u00e9duire les ind\u00e9sirables. <a href=\"https:\/\/akismet.com\/privacy\/\" target=\"_blank\" rel=\"nofollow noopener\">En savoir plus sur comment les donn\u00e9es de vos commentaires sont utilis\u00e9es<\/a><\/p>\n<p>Une cha\u00eene anonymis\u00e9e cr\u00e9\u00e9e \u00e0 partir de votre adresse de messagerie (\u00e9galement appel\u00e9e hash) peut \u00eatre envoy\u00e9e au service Gravatar pour v\u00e9rifier si vous utilisez ce dernier. Les clauses de confidentialit\u00e9 du service Gravatar sont disponibles ici&nbsp;: https:\/\/automattic.com\/privacy\/. Apr\u00e8s validation de votre commentaire, votre photo de profil sera visible publiquement \u00e0 cot\u00e9 de votre commentaire.<\/p>\n<h3>Formulaires de contact<\/h3>\n<p>Les donn\u00e9es personnelles que nous collectons et traitons concernent votre adresse e-mail ainsi que votre nom :<\/p>\n<ul>\n<li>que nous collectons avec votre consentement lors de votre inscription \u00e0 notre newsletter. Votre inscription est valid\u00e9e par un e-mail de confirmation. Notre newsletter nous permet, par&nbsp;des envois d\u2019e-mails p\u00e9riodiques, de vous informer de la publication des \u00e9pisodes du podcast Avez-vous choisi ?, de l&rsquo;actualit\u00e9 du podcast et \/ ou de leur auteure Oriane Savour\u00e9-Lucas.<\/li>\n<li>lorsque vous d\u00e9posez un commentaire sur le site web du podcast Avez-vous choisi ?<\/li>\n<li>lorsque vous d\u00e9posez un message via notre formulaire de contact&nbsp;http:\/\/orianesavourelucas.com\/avezvouschoisi\/contact\/<\/li>\n<\/ul>\n<p>Les informations qui vous sont fournies concernent les contenus publi\u00e9s sur le site web et\/ou le podcast Avez-vous choisi ? en rapport avec le site web ou le podcast Avez-vous choisi ? et leur auteure, Oriane Savour\u00e9-Lucas. Le traitement de vos donn\u00e9es d\u00e9pend de votre consentement. Un lien de d\u00e9sinscription imm\u00e9diate est inclus dans chaque e-mail qui vous est envoy\u00e9.<\/p>\n<h3>Cookies<\/h3>\n<p>Si vous d\u00e9posez un commentaire sur notre site, il vous sera propos\u00e9 d\u2019enregistrer votre nom et adresse de messagerie dans des cookies. C\u2019est uniquement pour votre confort afin de ne pas avoir \u00e0 saisir ces informations si vous d\u00e9posez un autre commentaire plus tard. Ces cookies expirent au bout d\u2019un an.<\/p>\n<h2>Utilisation et transmission de vos donn\u00e9es personnelles<\/h2>\n<p class=\"privacy-policy-tutorial\"><span style=\"font-size: 0.9rem;\"><em>\u00ab\u00a0Avez-vous choisi ?\u00a0\u00bb<\/em>&nbsp; ne partage vos informations personnelles avec aucune tierce partie.<\/span><\/p>\n<h2>Dur\u00e9es de stockage de vos donn\u00e9es<\/h2>\n<p>Si vous laissez un commentaire, le commentaire et ses m\u00e9tadonn\u00e9es sont conserv\u00e9s ind\u00e9finiment. Cela permet de reconna\u00eetre et approuver automatiquement les commentaires suivants au lieu de les laisser dans la file de mod\u00e9ration.<\/p>\n<h2>Les droits que vous avez sur vos donn\u00e9es<\/h2>\n<p class=\"privacy-policy-tutorial\"><span style=\"font-size: 0.9rem;\">Si vous avez laiss\u00e9 des commentaires sur le site, vous pouvez demander \u00e0 recevoir un fichier contenant toutes les donn\u00e9es personnelles que nous poss\u00e9dons \u00e0 votre sujet, incluant celles que vous nous avez fournies. Vous pouvez \u00e9galement demander la suppression des donn\u00e9es personnelles vous concernant. Cela ne prend pas en compte les donn\u00e9es stock\u00e9es \u00e0 des fins administratives, l\u00e9gales ou pour des raisons de s\u00e9curit\u00e9.<\/span><\/p>\n<h2>Transmission de vos donn\u00e9es personnelles<\/h2>\n<p>Les commentaires des visiteurs peuvent \u00eatre v\u00e9rifi\u00e9s \u00e0 l\u2019aide d\u2019un service automatis\u00e9 de d\u00e9tection des commentaires ind\u00e9sirables.<\/p>\n<h2>Informations de contact<\/h2>\n<p class=\"privacy-policy-tutorial\">Vous avez le droit de recevoir et d\u2019acc\u00e9der aux donn\u00e9es personnelles que vous avez fournies au site www.orianesavourelucas.com. Vous pouvez acc\u00e9der \u00e0 vos donn\u00e9es personnelles sur simple demande via le formulaire de contact http:\/\/orianesavourelucas.com\/avezvouschoisi\/contact\/ .<\/p>\n<h2>E-mails et newsletter<\/h2>\n<p>Si vous \u00eates abonn\u00e9\u00b7e \u00e0 notre newsletter, il y a de grandes chances que vous receviez des e-mails de notre part.<\/p>\n<p>Nous vous enverrons uniquement des e-mails que vous avez accept\u00e9 de recevoir, ou qui concernent les services que nous vous fournissons.<\/p>\n<p>Pour vous envoyer des e-mails, nous utilisons le nom et l\u2019adresse e-mail que vous nous avez fourni. Notre site stocke aussi l\u2019adresse IP que vous avez utilis\u00e9 lorsque vous avez sign\u00e9 pour le service pour emp\u00eacher un abus du syst\u00e8me.<\/p>\n<p>Ce site peut envoyer des e-mails via le&nbsp;<a href=\"https:\/\/www.mailpoet.com\/privacy-notice\/\" target=\"_blank\" rel=\"noopener\">service d\u2019envoi MailPoet<\/a>. Ce service nous permet de suivre les clics et les ouvertures de nos e-mails. Nous utilisons cette information pour am\u00e9liorer le contenu de nos newsletters.<\/p>\n<p>Aucune information identifiable n\u2019est autrement retrac\u00e9e en dehors de ce site \u00e0 l\u2019exception de l\u2019adresse e-mail.<\/p>\n<p>&nbsp;<\/p>\n","protected":false},"excerpt":{"rendered":"<p>Vous naviguez sur le site Avez-vous Choisi ? L\u2019adresse de notre site Web est&nbsp;: http:\/\/orianesavourelucas.com\/avezvouschoisi &nbsp; Utilisation des donn\u00e9es personnelles collect\u00e9es Commentaires Quand vous laissez un commentaire sur notre site web, les donn\u00e9es inscrites dans le formulaire de commentaire, mais aussi votre adresse IP et l\u2019agent utilisateur de votre navigateur sont collect\u00e9s pour nous aider [&hellip;]<\/p>\n","protected":false},"author":1,"featured_media":0,"parent":0,"menu_order":2,"comment_status":"closed","ping_status":"open","template":"","meta":{"footnotes":""},"folder":[8],"class_list":["post-2","page","type-page","status-publish","hentry"],"_links":{"self":[{"href":"https:\/\/orianesavourelucas.com\/avezvouschoisi\/wp-json\/wp\/v2\/pages\/2","targetHints":{"allow":["GET"]}}],"collection":[{"href":"https:\/\/orianesavourelucas.com\/avezvouschoisi\/wp-json\/wp\/v2\/pages"}],"about":[{"href":"https:\/\/orianesavourelucas.com\/avezvouschoisi\/wp-json\/wp\/v2\/types\/page"}],"author":[{"embeddable":true,"href":"https:\/\/orianesavourelucas.com\/avezvouschoisi\/wp-json\/wp\/v2\/users\/1"}],"replies":[{"embeddable":true,"href":"https:\/\/orianesavourelucas.com\/avezvouschoisi\/wp-json\/wp\/v2\/comments?post=2"}],"version-history":[{"count":8,"href":"https:\/\/orianesavourelucas.com\/avezvouschoisi\/wp-json\/wp\/v2\/pages\/2\/revisions"}],"predecessor-version":[{"id":2503,"href":"https:\/\/orianesavourelucas.com\/avezvouschoisi\/wp-json\/wp\/v2\/pages\/2\/revisions\/2503"}],"wp:attachment":[{"href":"https:\/\/orianesavourelucas.com\/avezvouschoisi\/wp-json\/wp\/v2\/media?parent=2"}],"wp:term":[{"taxonomy":"folder","embeddable":true,"href":"https:\/\/orianesavourelucas.com\/avezvouschoisi\/wp-json\/wp\/v2\/folder?post=2"}],"curies":[{"name":"wp","href":"https:\/\/api.w.org\/{rel}","templated":true}]}}