{"id":2313,"date":"2020-12-14T19:39:40","date_gmt":"2020-12-14T18:39:40","guid":{"rendered":"http:\/\/localhost\/siteoriane\/?page_id=2313"},"modified":"2026-03-27T16:34:42","modified_gmt":"2026-03-27T15:34:42","slug":"coaching-entreprise","status":"publish","type":"page","link":"https:\/\/orianesavourelucas.com\/avezvouschoisi\/coaching-entreprise\/","title":{"rendered":"Entreprises : misez sur le coaching pour g\u00e9n\u00e9rer de l&rsquo;engagement"},"content":{"rendered":"\n<p class=\"has-text-align-center\"><a id=\"header--under-button-border\" href=\"#cestquoi\">C&rsquo;est quoi ?<\/a><a id=\"header--under-button-border\" href=\"#persona\">Pour qui ?<\/a><a id=\"header--under-button-border\" href=\"#experience\">Mon exp\u00e9rience<\/a><a id=\"header--under-button-border\" href=\"#pourquoi\">Pourquoi ?<\/a><a id=\"header--under-button-border\" href=\"#offre\">Mon offre<\/a><a id=\"header--under-button-border\" href=\"#temoignages\">T\u00e9moignages<\/a><a id=\"header--under-button-border\" href=\"#contact\">Me contacter<\/a><\/p>\n\n\n\n<p class=\"has-text-align-center has-medium-font-size\"><strong><em>\u00abAccompagner mes clients \u00e0 faire mieux plut\u00f4t que plus et \u00e0 trouver leur mani\u00e8re singuli\u00e8re d&rsquo;allier accomplissement et cr\u00e9ation de valeur.\u00bb<\/em><\/strong><\/p>\n\n\n\n<h1 class=\"wp-block-heading\" id=\"cestquoi\">C&rsquo;est quoi ?<\/h1>\n\n\n\n<p>Plus que jamais, dans le contexte actuel qui n\u00e9cessite une profonde adaptation des dirigeant.e.s et de leurs \u00e9quipes, <strong>j&rsquo;accompagne mes client.e.s par le coaching \u00e0 mieux se r\u00e9mun\u00e9rer, en temps et en \u00e9nergie, pour gagner en clart\u00e9, mieux diriger et accompagner au mieux un cap strat\u00e9gique du d\u00e9veloppement de leur entreprise<\/strong><em> (\u00e9volution strat\u00e9gique, \u00e9volution du p\u00e9rim\u00e8tre de l&rsquo;offre, croissance, recrutement, fid\u00e9lisation des talents, \u00e9quilibre de vie &#8230;).<\/em><\/p>\n\n\n\n<div class=\"wp-block-media-text alignwide is-stacked-on-mobile\" style=\"grid-template-columns:38% auto\"><figure class=\"wp-block-media-text__media\"><img loading=\"lazy\" decoding=\"async\" width=\"1024\" height=\"683\" src=\"https:\/\/orianesavourelucas.com\/avezvouschoisi\/wp-content\/uploads\/2020\/12\/7B5A3560-1024x683.jpg\" alt=\"Photo Oriane Savour\u00e9-Lucas\" class=\"wp-image-2337 size-full\" srcset=\"https:\/\/orianesavourelucas.com\/avezvouschoisi\/wp-content\/uploads\/2020\/12\/7B5A3560-1024x683.jpg 1024w, https:\/\/orianesavourelucas.com\/avezvouschoisi\/wp-content\/uploads\/2020\/12\/7B5A3560-300x200.jpg 300w, https:\/\/orianesavourelucas.com\/avezvouschoisi\/wp-content\/uploads\/2020\/12\/7B5A3560-768x512.jpg 768w, https:\/\/orianesavourelucas.com\/avezvouschoisi\/wp-content\/uploads\/2020\/12\/7B5A3560.jpg 1200w\" sizes=\"auto, (max-width: 1024px) 100vw, 1024px\" \/><\/figure><div class=\"wp-block-media-text__content\">\n<p>En plus des <strong>coachings individuels <\/strong>que je r\u00e9alise \u00e0 destination des dirigeants, associ\u00e9s, cadres, managers et salari\u00e9s en \u00e9volution professionnelle, j&rsquo;anime des <strong>ateliers en entreprise<\/strong> (\u00e0 distance ou en pr\u00e9sentiel) pour&nbsp;:<\/p>\n\n\n\n<ul class=\"wp-block-list\">\n<li><strong>contribuer \u00e0 dynamiser une \u00e9quipe,<\/strong><\/li>\n\n\n\n<li><strong>[re]cr\u00e9er du lien,<\/strong><\/li>\n\n\n\n<li><strong>booster la transformation,<\/strong><\/li>\n\n\n\n<li><strong>et allier performance et bien-\u00eatre au travail.<\/strong><\/li>\n<\/ul>\n<\/div><\/div>\n\n\n\n<h1 class=\"wp-block-heading\" id=\"persona\">Pour qui ?<\/h1>\n\n\n\n<p>J&rsquo;accompagne des dirigeant.e.s, des associ\u00e9.e.s et entrepreneur.e.s \u00e0 <strong>accorder une attention particuli\u00e8re au premier capital immat\u00e9riel de leur entreprise et de leur activit\u00e9 : eux-m\u00eames.<\/strong><\/p>\n\n\n\n<p>Ce travail permet de contribuer au d\u00e9veloppement de l\u2019entreprise et \u00e0 passer des caps avec plus d\u2019assurance et d\u2019efficacit\u00e9.<\/p>\n\n\n\n<p>J\u2019accompagne mes client.e.s \u00e0 se reconnecter \u00e0 leurs ressources pour :<\/p>\n\n\n\n<ul class=\"wp-block-list\">\n<li>En faire moins (sans renoncer aux r\u00e9sultats)<\/li>\n\n\n\n<li>Avoir plus (de ce qui est important pour soi)<\/li>\n\n\n\n<li>Vivre mieux (sans attendre une p\u00e9riode plus propice)<\/li>\n<\/ul>\n\n\n\n<p>J\u2019accompagne \u00e9galement les entreprises et leurs \u00e9quipes (associ\u00e9s et \/ ou collaborateurs) \u00e0 allier performance et mieux vivre ensemble au travail.<\/p>\n\n\n\n<h1 class=\"wp-block-heading\" id=\"experience\">Mon exp\u00e9rience<\/h1>\n\n\n\n<p>J\u2019interviens en entreprise \u00e0 Angers, sur l\u2019ensemble des Pays de la Loire et Paris pour contribuer \u00e0 <strong>insuffler une culture de collaboration, d&rsquo;initiatives et d&rsquo;\u00e9panouissement au sein des collectifs. <\/strong><\/p>\n\n\n\n<p>J\u2019appuie mes interventions sur <strong>15 ans d&rsquo;exp\u00e9rience en en accompagnement au changement, gestion de projet, management, communication et ressources humaines dans divers secteurs et au sein d\u2019environnements vari\u00e9s&nbsp;grandes entreprises <\/strong>(Schneider Electric, Areva, Altran, Alcatel), PME et secteur public (Marine Nationale, Rectorat de Nantes)<\/p>\n\n\n\n<h1 class=\"wp-block-heading\" id=\"pourquoi\">Pourquoi ?<\/h1>\n\n\n\n<ul class=\"wp-block-list\">\n<li>Votre entreprise, la direction et vos collaborateurs travaillent au quotidien pour <strong>allier cr\u00e9ation de valeur et mieux vivre ensemble<\/strong> au travail et vous souhaitez aller plus loin en ce sens ?<\/li>\n\n\n\n<li>Vous \u00eates<strong> fier.e de vos \u00e9quipes<\/strong>, mais <strong>vous peinez parfois \u00e0 les mobiliser pour innover<\/strong> et \u00eatre porteurs des projets de demain ?<\/li>\n\n\n\n<li>Vous \u00eates souvent <strong>frustr\u00e9.e de voir vos collaborateurs noy\u00e9s dans les contraintes<\/strong> au lieu d\u2019\u00eatre anim\u00e9s par les possibles ?<\/li>\n\n\n\n<li>Vous \u00eates <strong>une entreprise audacieuse \u00e0 la recherche d\u2019un projet humain <\/strong>autour duquel vos \u00e9quipes pourraient ais\u00e9ment s\u2019engager ?<\/li>\n<\/ul>\n\n\n\n<h1 class=\"wp-block-heading\" id=\"offre\">Mon offre<\/h1>\n\n\n\n<ul class=\"wp-block-list\">\n<li>Coaching individuel de dirigeant.e.s, d\u2019associ\u00e9.e.s,&nbsp;: <a href=\"https:\/\/orianesavourelucas.com\/avezvouschoisi\/coaching-particulier\/\" data-type=\"page\" data-id=\"2324\">plus d&rsquo;informations ici<\/a><\/li>\n\n\n\n<li>Coaching de collaborateurs (chefs d\u2019\u00e9quipes, salari\u00e9s)&nbsp;pris en charge par l\u2019entreprise, dans le cadre d\u2019une prise de fonction ou d\u2019une \u00e9volution du p\u00e9rim\u00e8tre de responsabilit\u00e9, par exemple. Dans ce cas, une convention tripartite est \u00e9tablie entre la coach, l\u2019entreprise et le salari\u00e9 b\u00e9n\u00e9ficiaire, qui doit \u00eatre demandeur de cet accompagnement.<\/li>\n<\/ul>\n\n\n\n<p><\/p>\n\n\n\n<ul class=\"wp-block-list\">\n<li><strong>Animation de s\u00e9minaires d&rsquo;\u00e9quipe :<\/strong> d\u00e9finir le cap de l&rsquo;\u00e9quipe pour l&rsquo;ann\u00e9e ou les prochaines ann\u00e9es : des apports, des temps de r\u00e9flexion et de co-cr\u00e9ation pour faire \u00e9merger le cap singulier de l&rsquo;\u00e9quipe.<\/li>\n<\/ul>\n\n\n\n<p><\/p>\n\n\n\n<ul class=\"wp-block-list\">\n<li><strong>Atelier \u201cMieux g\u00e9rer son \u00e9nergie : pourquoi c\u2019est important et comment faire concr\u00e8tement ?<\/strong>\n<ul class=\"wp-block-list\">\n<li>Partage de cl\u00e9s de compr\u00e9hension, de r\u00e9flexion et d\u2019action<\/li>\n\n\n\n<li>Apprendre \u00e0 doser son \u00e9nergie pour mieux entreprendre dans toutes les sph\u00e8res de sa vie<\/li>\n\n\n\n<li>Un atelier de 3 heures en entreprise pour un groupe de 10 volontaires<\/li>\n<\/ul>\n<\/li>\n<\/ul>\n\n\n\n<ul class=\"wp-block-list\">\n<li>Des ateliers pour accompagner la transformation en entreprise\n<ul class=\"wp-block-list\">\n<li>J\u2019interviens<strong> en entreprise <\/strong>\u00e0 Angers et sa r\u00e9gion ainsi qu\u2019\u00e0 Paris pour <strong>contribuer \u00e0 insuffler une culture de collaboration, d\u2019initiatives et d\u2019\u00e9panouissement <\/strong>au sein des organisations. <\/li>\n\n\n\n<li>Je propose aux participant.e.s d\u2019exp\u00e9rimenter <strong>des outils pour mieux communiquer et prendre sa place<\/strong> avec justesse au travail.<\/li>\n<\/ul>\n<\/li>\n<\/ul>\n\n\n\n<ul class=\"wp-block-list\">\n<li>Des ateliers (associ\u00e9s, \u00e9quipes) autour du <em><strong>\u00abComment mieux travailler ensemble ?\u00bb<\/strong><\/em>&nbsp;: prise de d\u00e9cision, cr\u00e9ativit\u00e9 &amp; intelligence collective, ,\u2026, en <strong>pr\u00e9sentiel <\/strong>ou en <strong>webinaire<\/strong><\/li>\n<\/ul>\n\n\n\n<ul class=\"wp-block-list\">\n<li>Possibilit\u00e9 de <strong>cr\u00e9ation d\u2019ateliers selon les probl\u00e9matiques sp\u00e9cifiques<\/strong> de l\u2019entreprise et apr\u00e8s entretien avec le \/ la dirigeant.e<\/li>\n<\/ul>\n\n\n\n<p>Pour plus d\u2019informations&nbsp;: <a href=\"#contact\">contactez-moi<\/a><\/p>\n\n\n\n<h1 class=\"wp-block-heading\" id=\"temoignages\">T\u00e9moignages<\/h1>\n\n\n\n<p><\/p>\n\n\n\n<blockquote class=\"wp-block-quote is-style-default is-layout-flow wp-block-quote-is-layout-flow\">\n<p><strong>Virginie, responsable de services \u00e9ducatifs &#8211; protection de l\u2019enfance<\/strong><\/p>\n\n\n\n<p><em>\u00ab\u00a0Dans notre secteur, la question de l\u2019\u00e9nergie se pose quotidiennement et la crise sanitaire a encore un peu plus consomm\u00e9 l\u2019\u00e9nergie des \u00e9quipes.<\/em><\/p>\n\n\n\n<p><em>Comment recharger les batteries durablement pour assumer et assurer confortablement nos missions, sans nous perdre de vue ?<\/em><\/p>\n\n\n\n<p><em>Face \u00e0 cette probl\u00e9matique, j\u2019ai fait appel \u00e0 <strong>l\u2019expertise et la p\u00e9dagogie d\u2019Oriane<\/strong>, qui a anim\u00e9 2 ateliers \u00ab mieux g\u00e9rer son \u00e9nergie \u00bb en octobre.<\/em><\/p>\n\n\n\n<p><em>Une trentaine de professionnels intrigu\u00e9s et concern\u00e9s &#8211; moi y compris &#8211; ont particip\u00e9 aux ateliers, pour aborder autrement, simplement et de mani\u00e8re pragmatique les questions d\u2019\u00e9nergie, de limites, de sens, d\u2019\u00e9quilibre \u2026<\/em><\/p>\n\n\n\n<p><em><strong>Suite aux interventions d\u2019Oriane, nous sommes plus attentifs \u00e0 notre \u00e9nergie, mise au service de notre engagement professionnel. Merci Oriane !<\/strong>\u00ab\u00a0<\/em><\/p>\n<\/blockquote>\n\n\n\n<blockquote class=\"wp-block-quote is-style-default is-layout-flow wp-block-quote-is-layout-flow\">\n<p><strong>Caroline M., SNCF, consultante interne, Transformation manag\u00e9riale, QVT &amp; D\u00e9veloppement de l\u2019engagement<\/strong><\/p>\n\n\n\n<p><em>Oriane a anim\u00e9 un atelier de 6 s\u00e9ances&nbsp;\u00ab&nbsp; 21 jours pour booster la transformation&nbsp;\u00bb aupr\u00e8s d\u2019un groupe de volontaires issus de divers services.<\/em><\/p>\n\n\n\n<p><em>Je recommande cet atelier de 6 s\u00e9ances \u00e0 des personnes souhaitant r\u00e9ellement engager un travail de d\u00e9veloppement personnel.<\/em><\/p>\n\n\n\n<p><em>J<strong>e recommande les interventions d\u2019Oriane qui, par son animation fluide, claire, facilite et accompagne les prises de conscience utiles dans ce type d\u2019atelier.<\/strong><\/em><\/p>\n\n\n\n<p><em>J\u2019ai particuli\u00e8rement appr\u00e9ci\u00e9 <strong>la facilit\u00e9 de la mise en \u0153uvre des s\u00e9ances, la fluidit\u00e9 de mes \u00e9changes avec Oriane ainsi que sa capacit\u00e9 d\u2019adaptation<\/strong>. Oriane a en effet anim\u00e9 cet atelier au cours de l\u2019ann\u00e9e 2020, dans un contexte de crise sanitaire qui a n\u00e9cessit\u00e9 de nombreux ajustements d\u2019organisation.<\/em><\/p>\n<\/blockquote>\n\n\n\n<h1 class=\"wp-block-heading\" id=\"contact\">Me contacter<\/h1>\n\n\n\n<div class=\"wp-block-contact-form-7-contact-form-selector\">\n<div class=\"wpcf7 no-js\" id=\"wpcf7-f2455-o1\" lang=\"fr-FR\" dir=\"ltr\" data-wpcf7-id=\"2455\">\n<div class=\"screen-reader-response\"><p role=\"status\" aria-live=\"polite\" aria-atomic=\"true\"><\/p> <ul><\/ul><\/div>\n<form action=\"\/avezvouschoisi\/wp-json\/wp\/v2\/pages\/2313#wpcf7-f2455-o1\" method=\"post\" class=\"wpcf7-form init\" aria-label=\"Formulaire de contact\" novalidate=\"novalidate\" data-status=\"init\">\n<fieldset class=\"hidden-fields-container\"><input type=\"hidden\" name=\"_wpcf7\" value=\"2455\" \/><input type=\"hidden\" name=\"_wpcf7_version\" value=\"6.1.4\" \/><input type=\"hidden\" name=\"_wpcf7_locale\" value=\"fr_FR\" \/><input type=\"hidden\" name=\"_wpcf7_unit_tag\" value=\"wpcf7-f2455-o1\" \/><input type=\"hidden\" name=\"_wpcf7_container_post\" value=\"0\" \/><input type=\"hidden\" name=\"_wpcf7_posted_data_hash\" value=\"\" \/><input type=\"hidden\" name=\"_wpcf7_recaptcha_response\" value=\"\" \/>\n<\/fieldset>\n<p><label> Votre nom (obligatoire)<br \/>\n<span class=\"wpcf7-form-control-wrap\" data-name=\"your-name\"><input size=\"40\" maxlength=\"400\" class=\"wpcf7-form-control wpcf7-text wpcf7-validates-as-required\" aria-required=\"true\" aria-invalid=\"false\" value=\"\" type=\"text\" name=\"your-name\" \/><\/span> <\/label>\n<\/p>\n<p><label> Votre entreprise (obligatoire)<br \/>\n<span class=\"wpcf7-form-control-wrap\" data-name=\"your-ent\"><input size=\"40\" maxlength=\"400\" class=\"wpcf7-form-control wpcf7-text wpcf7-validates-as-required\" aria-required=\"true\" aria-invalid=\"false\" value=\"\" type=\"text\" name=\"your-ent\" \/><\/span> <\/label>\n<\/p>\n<p><label> Votre adresse de messagerie (obligatoire)<br \/>\n<span class=\"wpcf7-form-control-wrap\" data-name=\"your-email\"><input size=\"40\" maxlength=\"400\" class=\"wpcf7-form-control wpcf7-email wpcf7-validates-as-required wpcf7-text wpcf7-validates-as-email\" aria-required=\"true\" aria-invalid=\"false\" value=\"\" type=\"email\" name=\"your-email\" \/><\/span> <\/label>\n<\/p>\n<p><label> Votre num\u00e9ro de t\u00e9l\u00e9phone<br \/>\n<span class=\"wpcf7-form-control-wrap\" data-name=\"tel-453\"><input size=\"40\" maxlength=\"400\" class=\"wpcf7-form-control wpcf7-tel wpcf7-text wpcf7-validates-as-tel\" aria-invalid=\"false\" value=\"\" type=\"tel\" name=\"tel-453\" \/><\/span> <\/label>\n<\/p>\n<p><label> Objet<br \/>\n<span class=\"wpcf7-form-control-wrap\" data-name=\"your-subject\"><input size=\"40\" maxlength=\"400\" class=\"wpcf7-form-control wpcf7-text\" aria-invalid=\"false\" value=\"\" type=\"text\" name=\"your-subject\" \/><\/span> <\/label>\n<\/p>\n<p><label> Votre message<br \/>\n<span class=\"wpcf7-form-control-wrap\" data-name=\"your-message\"><textarea cols=\"40\" rows=\"10\" maxlength=\"2000\" class=\"wpcf7-form-control wpcf7-textarea\" aria-invalid=\"false\" name=\"your-message\"><\/textarea><\/span> <\/label>\n<\/p>\n<p><input class=\"wpcf7-form-control wpcf7-submit has-spinner\" type=\"submit\" value=\"Envoyer\" \/>\n<\/p><p style=\"display: none !important;\" class=\"akismet-fields-container\" data-prefix=\"_wpcf7_ak_\"><label>&#916;<textarea name=\"_wpcf7_ak_hp_textarea\" cols=\"45\" rows=\"8\" maxlength=\"100\"><\/textarea><\/label><input type=\"hidden\" id=\"ak_js_1\" name=\"_wpcf7_ak_js\" value=\"249\"\/><script>document.getElementById( \"ak_js_1\" ).setAttribute( \"value\", ( new Date() ).getTime() );<\/script><\/p><div class=\"wpcf7-response-output\" aria-hidden=\"true\"><\/div>\n<\/form>\n<\/div>\n<\/div>\n\n\n\n<p><\/p>\n","protected":false},"excerpt":{"rendered":"<p>C&rsquo;est quoi ?Pour qui ?Mon exp\u00e9riencePourquoi ?Mon offreT\u00e9moignagesMe contacter \u00abAccompagner mes clients \u00e0 faire mieux plut\u00f4t que plus et \u00e0 trouver leur mani\u00e8re singuli\u00e8re d&rsquo;allier accomplissement et cr\u00e9ation de valeur.\u00bb C&rsquo;est quoi ? Plus que jamais, dans le contexte actuel qui n\u00e9cessite une profonde adaptation des dirigeant.e.s et de leurs \u00e9quipes, j&rsquo;accompagne mes client.e.s par [&hellip;]<\/p>\n","protected":false},"author":3,"featured_media":0,"parent":0,"menu_order":5,"comment_status":"closed","ping_status":"closed","template":"","meta":{"footnotes":""},"folder":[10],"class_list":["post-2313","page","type-page","status-publish","hentry"],"_links":{"self":[{"href":"https:\/\/orianesavourelucas.com\/avezvouschoisi\/wp-json\/wp\/v2\/pages\/2313","targetHints":{"allow":["GET"]}}],"collection":[{"href":"https:\/\/orianesavourelucas.com\/avezvouschoisi\/wp-json\/wp\/v2\/pages"}],"about":[{"href":"https:\/\/orianesavourelucas.com\/avezvouschoisi\/wp-json\/wp\/v2\/types\/page"}],"author":[{"embeddable":true,"href":"https:\/\/orianesavourelucas.com\/avezvouschoisi\/wp-json\/wp\/v2\/users\/3"}],"replies":[{"embeddable":true,"href":"https:\/\/orianesavourelucas.com\/avezvouschoisi\/wp-json\/wp\/v2\/comments?post=2313"}],"version-history":[{"count":28,"href":"https:\/\/orianesavourelucas.com\/avezvouschoisi\/wp-json\/wp\/v2\/pages\/2313\/revisions"}],"predecessor-version":[{"id":3906,"href":"https:\/\/orianesavourelucas.com\/avezvouschoisi\/wp-json\/wp\/v2\/pages\/2313\/revisions\/3906"}],"wp:attachment":[{"href":"https:\/\/orianesavourelucas.com\/avezvouschoisi\/wp-json\/wp\/v2\/media?parent=2313"}],"wp:term":[{"taxonomy":"folder","embeddable":true,"href":"https:\/\/orianesavourelucas.com\/avezvouschoisi\/wp-json\/wp\/v2\/folder?post=2313"}],"curies":[{"name":"wp","href":"https:\/\/api.w.org\/{rel}","templated":true}]}}